{"id":22,"date":"2026-05-05T15:46:53","date_gmt":"2026-05-05T15:46:53","guid":{"rendered":"https:\/\/sitvallodidiano.it\/?page_id=22"},"modified":"2026-05-06T09:42:15","modified_gmt":"2026-05-06T09:42:15","slug":"la-redazione","status":"publish","type":"page","link":"https:\/\/sitvallodidiano.it\/la-redazione\/","title":{"rendered":"La Redazione"},"content":{"rendered":"<h2 data-section-id=\"cla75t\" data-start=\"131\" data-end=\"143\">Editore<\/h2>\n<p data-start=\"144\" data-end=\"187\">EVA Srl \u2013 Vico Cirillo n\u00b0 33 \u2013 Boscoreale<\/p>\n<p data-start=\"189\" data-end=\"209\">P.I. IT09428411210<\/p>\n<h2 data-section-id=\"1ud56yl\" data-start=\"216\" data-end=\"228\">Il team<\/h2>\n<p data-start=\"230\" data-end=\"249\"><strong data-start=\"230\" data-end=\"247\">Andrea Crepaldi<\/strong><\/p>\n<p data-start=\"251\" data-end=\"658\">Andrea Crepaldi \u00e8 appassionato di casa e soluzioni pratiche, dedica il suo tempo a scoprire idee utili per migliorare gli spazi domestici e semplificare la vita quotidiana. Ama il fai da te, la manutenzione della casa e tutto ci\u00f2 che riguarda l\u2019organizzazione degli ambienti. Nel tempo libero segue le novit\u00e0 su bonus e risparmio, cercando sempre nuovi modi per ottimizzare le spese e vivere meglio con meno.<\/p>\n<hr data-start=\"660\" data-end=\"663\" \/>\n<p data-start=\"665\" data-end=\"682\"><strong data-start=\"665\" data-end=\"680\">Elena Greco<\/strong><\/p>\n<p data-start=\"684\" data-end=\"1085\">Elena Greco \u00e8 interessata al mondo del risparmio e delle opportunit\u00e0 economiche, segue con attenzione bonus, incentivi e novit\u00e0 legate al denaro. Le sue passioni includono il giardinaggio, la cura degli spazi verdi e le soluzioni sostenibili per la casa. Nel tempo libero ama informarsi su nuove tendenze legate al benessere domestico e trovare idee semplici per migliorare la vita di tutti i giorni.<\/p>\n","protected":false},"excerpt":{"rendered":"<p>Editore EVA Srl \u2013 Vico Cirillo n\u00b0 33 \u2013 Boscoreale P.I. IT09428411210 Il team Andrea Crepaldi Andrea Crepaldi \u00e8 appassionato di casa e soluzioni pratiche, dedica il suo tempo a scoprire idee utili per migliorare gli spazi domestici e semplificare la vita quotidiana. Ama il fai da te, la manutenzione della casa e tutto ci\u00f2 &#8230; <a title=\"La Redazione\" class=\"read-more\" href=\"https:\/\/sitvallodidiano.it\/la-redazione\/\" aria-label=\"Per saperne di pi\u00f9 su La Redazione\">Leggi tutto<\/a><\/p>\n","protected":false},"author":1,"featured_media":0,"parent":0,"menu_order":0,"comment_status":"closed","ping_status":"closed","template":"","meta":{"footnotes":""},"class_list":["post-22","page","type-page","status-publish"],"yoast_head":"<!-- This site is optimized with the Yoast SEO plugin v27.5 - https:\/\/yoast.com\/product\/yoast-seo-wordpress\/ -->\n<title>La Redazione - Diano News<\/title>\n<meta name=\"robots\" content=\"index, follow, max-snippet:-1, max-image-preview:large, max-video-preview:-1\" \/>\n<link rel=\"canonical\" href=\"https:\/\/sitvallodidiano.it\/la-redazione\/\" \/>\n<meta property=\"og:locale\" content=\"it_IT\" \/>\n<meta property=\"og:type\" content=\"article\" \/>\n<meta property=\"og:title\" content=\"La Redazione - Diano News\" \/>\n<meta property=\"og:description\" content=\"Editore EVA Srl \u2013 Vico Cirillo n\u00b0 33 \u2013 Boscoreale P.I. IT09428411210 Il team Andrea Crepaldi Andrea Crepaldi \u00e8 appassionato di casa e soluzioni pratiche, dedica il suo tempo a scoprire idee utili per migliorare gli spazi domestici e semplificare la vita quotidiana. Ama il fai da te, la manutenzione della casa e tutto ci\u00f2 ... Leggi tutto\" \/>\n<meta property=\"og:url\" content=\"https:\/\/sitvallodidiano.it\/la-redazione\/\" \/>\n<meta property=\"og:site_name\" content=\"Diano News\" \/>\n<meta property=\"article:modified_time\" content=\"2026-05-06T09:42:15+00:00\" \/>\n<meta name=\"twitter:card\" content=\"summary_large_image\" \/>\n<meta name=\"twitter:label1\" content=\"Tempo di lettura stimato\" \/>\n\t<meta name=\"twitter:data1\" content=\"1 minuto\" \/>\n<script type=\"application\/ld+json\" class=\"yoast-schema-graph\">{\"@context\":\"https:\\\/\\\/schema.org\",\"@graph\":[{\"@type\":\"WebPage\",\"@id\":\"https:\\\/\\\/sitvallodidiano.it\\\/la-redazione\\\/\",\"url\":\"https:\\\/\\\/sitvallodidiano.it\\\/la-redazione\\\/\",\"name\":\"La Redazione - Diano News\",\"isPartOf\":{\"@id\":\"https:\\\/\\\/sitvallodidiano.it\\\/#website\"},\"datePublished\":\"2026-05-05T15:46:53+00:00\",\"dateModified\":\"2026-05-06T09:42:15+00:00\",\"breadcrumb\":{\"@id\":\"https:\\\/\\\/sitvallodidiano.it\\\/la-redazione\\\/#breadcrumb\"},\"inLanguage\":\"it-IT\",\"potentialAction\":[{\"@type\":\"ReadAction\",\"target\":[\"https:\\\/\\\/sitvallodidiano.it\\\/la-redazione\\\/\"]}]},{\"@type\":\"BreadcrumbList\",\"@id\":\"https:\\\/\\\/sitvallodidiano.it\\\/la-redazione\\\/#breadcrumb\",\"itemListElement\":[{\"@type\":\"ListItem\",\"position\":1,\"name\":\"Home\",\"item\":\"https:\\\/\\\/sitvallodidiano.it\\\/\"},{\"@type\":\"ListItem\",\"position\":2,\"name\":\"La Redazione\"}]},{\"@type\":\"WebSite\",\"@id\":\"https:\\\/\\\/sitvallodidiano.it\\\/#website\",\"url\":\"https:\\\/\\\/sitvallodidiano.it\\\/\",\"name\":\"Diano News\",\"description\":\"Dalla casa ai bonus, passando per il risparmio: parliamo di vita quotidiana, ogni giorno.\",\"publisher\":{\"@id\":\"https:\\\/\\\/sitvallodidiano.it\\\/#organization\"},\"potentialAction\":[{\"@type\":\"SearchAction\",\"target\":{\"@type\":\"EntryPoint\",\"urlTemplate\":\"https:\\\/\\\/sitvallodidiano.it\\\/?s={search_term_string}\"},\"query-input\":{\"@type\":\"PropertyValueSpecification\",\"valueRequired\":true,\"valueName\":\"search_term_string\"}}],\"inLanguage\":\"it-IT\"},{\"@type\":\"NewsMediaOrganization\",\"@id\":\"https:\\\/\\\/sitvallodidiano.it\\\/#organization\",\"name\":\"Diano News\",\"url\":\"https:\\\/\\\/sitvallodidiano.it\\\/\",\"logo\":{\"@type\":\"ImageObject\",\"inLanguage\":\"it-IT\",\"@id\":\"https:\\\/\\\/sitvallodidiano.it\\\/#\\\/schema\\\/logo\\\/image\\\/\",\"url\":\"https:\\\/\\\/sitvallodidiano.it\\\/wp-content\\\/uploads\\\/2026\\\/05\\\/cropped-DIANO.webp\",\"contentUrl\":\"https:\\\/\\\/sitvallodidiano.it\\\/wp-content\\\/uploads\\\/2026\\\/05\\\/cropped-DIANO.webp\",\"width\":1022,\"height\":251,\"caption\":\"Diano News\"},\"image\":{\"@id\":\"https:\\\/\\\/sitvallodidiano.it\\\/#\\\/schema\\\/logo\\\/image\\\/\"}}]}<\/script>\n<!-- \/ Yoast SEO plugin. -->","yoast_head_json":{"title":"La Redazione - Diano News","robots":{"index":"index","follow":"follow","max-snippet":"max-snippet:-1","max-image-preview":"max-image-preview:large","max-video-preview":"max-video-preview:-1"},"canonical":"https:\/\/sitvallodidiano.it\/la-redazione\/","og_locale":"it_IT","og_type":"article","og_title":"La Redazione - Diano News","og_description":"Editore EVA Srl \u2013 Vico Cirillo n\u00b0 33 \u2013 Boscoreale P.I. IT09428411210 Il team Andrea Crepaldi Andrea Crepaldi \u00e8 appassionato di casa e soluzioni pratiche, dedica il suo tempo a scoprire idee utili per migliorare gli spazi domestici e semplificare la vita quotidiana. Ama il fai da te, la manutenzione della casa e tutto ci\u00f2 ... Leggi tutto","og_url":"https:\/\/sitvallodidiano.it\/la-redazione\/","og_site_name":"Diano News","article_modified_time":"2026-05-06T09:42:15+00:00","twitter_card":"summary_large_image","twitter_misc":{"Tempo di lettura stimato":"1 minuto"},"schema":{"@context":"https:\/\/schema.org","@graph":[{"@type":"WebPage","@id":"https:\/\/sitvallodidiano.it\/la-redazione\/","url":"https:\/\/sitvallodidiano.it\/la-redazione\/","name":"La Redazione - Diano News","isPartOf":{"@id":"https:\/\/sitvallodidiano.it\/#website"},"datePublished":"2026-05-05T15:46:53+00:00","dateModified":"2026-05-06T09:42:15+00:00","breadcrumb":{"@id":"https:\/\/sitvallodidiano.it\/la-redazione\/#breadcrumb"},"inLanguage":"it-IT","potentialAction":[{"@type":"ReadAction","target":["https:\/\/sitvallodidiano.it\/la-redazione\/"]}]},{"@type":"BreadcrumbList","@id":"https:\/\/sitvallodidiano.it\/la-redazione\/#breadcrumb","itemListElement":[{"@type":"ListItem","position":1,"name":"Home","item":"https:\/\/sitvallodidiano.it\/"},{"@type":"ListItem","position":2,"name":"La Redazione"}]},{"@type":"WebSite","@id":"https:\/\/sitvallodidiano.it\/#website","url":"https:\/\/sitvallodidiano.it\/","name":"Diano News","description":"Dalla casa ai bonus, passando per il risparmio: parliamo di vita quotidiana, ogni giorno.","publisher":{"@id":"https:\/\/sitvallodidiano.it\/#organization"},"potentialAction":[{"@type":"SearchAction","target":{"@type":"EntryPoint","urlTemplate":"https:\/\/sitvallodidiano.it\/?s={search_term_string}"},"query-input":{"@type":"PropertyValueSpecification","valueRequired":true,"valueName":"search_term_string"}}],"inLanguage":"it-IT"},{"@type":"NewsMediaOrganization","@id":"https:\/\/sitvallodidiano.it\/#organization","name":"Diano News","url":"https:\/\/sitvallodidiano.it\/","logo":{"@type":"ImageObject","inLanguage":"it-IT","@id":"https:\/\/sitvallodidiano.it\/#\/schema\/logo\/image\/","url":"https:\/\/sitvallodidiano.it\/wp-content\/uploads\/2026\/05\/cropped-DIANO.webp","contentUrl":"https:\/\/sitvallodidiano.it\/wp-content\/uploads\/2026\/05\/cropped-DIANO.webp","width":1022,"height":251,"caption":"Diano News"},"image":{"@id":"https:\/\/sitvallodidiano.it\/#\/schema\/logo\/image\/"}}]}},"_links":{"self":[{"href":"https:\/\/sitvallodidiano.it\/wp-json\/wp\/v2\/pages\/22","targetHints":{"allow":["GET"]}}],"collection":[{"href":"https:\/\/sitvallodidiano.it\/wp-json\/wp\/v2\/pages"}],"about":[{"href":"https:\/\/sitvallodidiano.it\/wp-json\/wp\/v2\/types\/page"}],"author":[{"embeddable":true,"href":"https:\/\/sitvallodidiano.it\/wp-json\/wp\/v2\/users\/1"}],"replies":[{"embeddable":true,"href":"https:\/\/sitvallodidiano.it\/wp-json\/wp\/v2\/comments?post=22"}],"version-history":[{"count":2,"href":"https:\/\/sitvallodidiano.it\/wp-json\/wp\/v2\/pages\/22\/revisions"}],"predecessor-version":[{"id":48,"href":"https:\/\/sitvallodidiano.it\/wp-json\/wp\/v2\/pages\/22\/revisions\/48"}],"wp:attachment":[{"href":"https:\/\/sitvallodidiano.it\/wp-json\/wp\/v2\/media?parent=22"}],"curies":[{"name":"wp","href":"https:\/\/api.w.org\/{rel}","templated":true}]}}