{"id":3,"date":"2026-05-04T13:40:19","date_gmt":"2026-05-04T13:40:19","guid":{"rendered":"https:\/\/sitvallodidiano.it\/?page_id=3"},"modified":"2026-05-05T15:32:53","modified_gmt":"2026-05-05T15:32:53","slug":"privacy-policy","status":"publish","type":"page","link":"https:\/\/sitvallodidiano.it\/privacy-policy\/","title":{"rendered":"Disclaimer"},"content":{"rendered":"\r\n<p data-start=\"119\" data-end=\"267\"><strong data-start=\"119\" data-end=\"141\">\u2013 GESTORE SITO WEB<\/strong><br data-start=\"141\" data-end=\"144\" \/>Questo sito web viene gestito dalla societ\u00e0 Ev-A s.r.l, con sede legale in Corso Umberto I 93, Torre Annunziata (NA) 80058.<\/p>\r\n<hr data-start=\"269\" data-end=\"272\" \/>\r\n<p data-start=\"274\" data-end=\"1816\"><strong data-start=\"274\" data-end=\"291\">\u2013 DEFINIZIONI<\/strong><br data-start=\"291\" data-end=\"294\" \/>In queste Condizioni Generali i successivi termini hanno il seguente significato:<br data-start=\"375\" data-end=\"378\" \/>\u2013 Servizi si intendono dispositivi, funzioni, applicazioni, informazioni o altre prestazioni disponibili tramite questo sito web (eventuali prestazioni ISP comprese) (Internet Service Provider e\/o prestazioni di accesso a internet).<br data-start=\"610\" data-end=\"613\" \/>\u2013 Condizioni si intendono i presenti termini o condizioni.<br data-start=\"671\" data-end=\"674\" \/>\u2013 Utente e Lei si riferiscono ad ogni persona che acceda al sito web con o senza il permesso della Ev-A s.r.l o che lo utilizzi, e cio\u00e8 indipendentemente dall\u2019essere un utente registrato di questo sito web o un abbonato o un utente registrato di un servizio offerto o meno tramite questo sito web.<br data-start=\"971\" data-end=\"974\" \/>\u2013 Sito web o sito \u00e8 il sito web (homepage e pagine internet in questa contenute) o altra raccolta di informazioni e\/o applicazioni gestita dalla societ\u00e0 Ev-A s.r.l e messa a disposizione tramite accesso mediante apparecchiature d\u2019accesso quali PC, computer portatili, telefoni cellulari, computer palmari, macchine fotografiche digitali, apparecchi televisivi o altri dispositivi di rete per reti collegate fisicamente o senza fili (comprendenti tra l\u2019altro l\u2019internet e reti cui si accede tramite Wireless Application Protocol o tecnologie simili (WAP)), e nella quale sono pubblicate le presenti Condizioni o nella quale si fa\u2019 esplicitamente riferimento in collegamento ad una richiesta di approvazione delle presenti Condizioni, le quali devono venire approvate dall\u2019Utente.<br data-start=\"1752\" data-end=\"1755\" \/>Ulteriori condizioni particolari vengono definite di seguito.<\/p>\r\n<hr data-start=\"1818\" data-end=\"1821\" \/>\r\n<p data-start=\"1823\" data-end=\"2215\"><strong data-start=\"1823\" data-end=\"1850\">\u2013 AGENZIE PUBBLICITARIE<\/strong><br data-start=\"1850\" data-end=\"1853\" \/>I banners pubblicitari che l\u2019Utilizzatore vede sul sito sono gestiti per conto della Ev-A s.r.l da agenti. L\u2019agente pu\u00f2 utilizzare i cookies per scopi statistici, per assicurare che l\u2019Utilizzatore non veda la stessa pubblicit\u00e0 per tutto il tempo e per cercare ed assicurare che vengano visualizzate sul suo schermo le pubblicit\u00e0 che maggiormente gli interessano.<\/p>\r\n<hr data-start=\"2217\" data-end=\"2220\" \/>\r\n<p data-start=\"2222\" data-end=\"2686\"><strong data-start=\"2222\" data-end=\"2256\">\u2013 ACCESSO ED UTILIZZO SITO WEB<\/strong><br data-start=\"2256\" data-end=\"2259\" \/>Con l\u2019accesso a questo sito web o ai suoi contenuti, con la loro consultazione o con lo scaricamento per download degli stessi o il posting o il caricamento per upload a questo sito o altro utilizzo dello stesso e del suo contenuto come utente registrato o visitatore non registrato, l\u2019utente si impegna al rispetto delle presenti Condizioni senza alcuna modifica nonch\u00e9 al rispetto di tutte le disposizioni normative di legge.<\/p>\r\n<hr data-start=\"2688\" data-end=\"2691\" \/>\r\n<p data-start=\"2693\" data-end=\"4663\"><strong data-start=\"2693\" data-end=\"2739\">\u2013 GARANZIA E RESPONSABILITA\u2019 PER I SERVIZI<\/strong><br data-start=\"2739\" data-end=\"2742\" \/>L\u2019Utente riconosce che l\u2019uso dei Servizi avviene nel proprio esclusivo interesse e rischio: il presente sito <strong data-start=\"2851\" data-end=\"2877\"><a class=\"decorated-link\" href=\"http:\/\/www.sitvallodidiano.it\" target=\"_new\" rel=\"noopener\" data-start=\"2853\" data-end=\"2875\">www.sitvallodidiano.it<\/a><\/strong> non offre alcuna garanzia che l\u2019uso dei Servizi sia conveniente, sicuro o privo di errori, n\u00e9 offre alcuna garanzia circa i risultati che sono attesi, sperati od ottenuti dall\u2019Utente con l\u2019uso dei Servizi;<br data-start=\"3083\" data-end=\"3086\" \/>La Societ\u00e0 Ev-A s.r.l. si impegna a fare tutto quanto sia in suo potere per fornire in via continuativa i Servizi ma non offre alcuna garanzia che questi non possano subire sospensioni e interruzioni e declina ogni responsabilit\u00e0 verso le eventuali pretese dell\u2019Utente relative all\u2019impossibilit\u00e0 per qualsiasi ragione dell\u2019utilizzazione dei Servizi;<br data-start=\"3435\" data-end=\"3438\" \/>La Societ\u00e0 Ev-A s.r.l. declina ogni responsabilit\u00e0 per danni, pretese o perdite, dirette o indirette, derivanti all\u2019Utente per il mancato e\/o difettoso funzionamento delle apparecchiature elettroniche dell\u2019Utente stesso o di terzi, di collegamenti telefonici e\/o telematici non gestiti direttamente da persone di cui questa debba rispondere;<br data-start=\"3779\" data-end=\"3782\" \/>L\u2019Utente riconosce di essere il solo responsabile di ogni e qualsiasi informazione, messaggio, testo, software, dato, suono, musica, fotografia, grafica, video e altro materiale da egli trasmesso, divulgato, scambiato o reso comunque disponibile tramite i Servizi forniti dal sito <strong data-start=\"4063\" data-end=\"4089\"><a class=\"decorated-link\" href=\"http:\/\/www.sitvallodidiano.it\" target=\"_new\" rel=\"noopener\" data-start=\"4065\" data-end=\"4087\">www.sitvallodidiano.it<\/a><\/strong> (\u201cContributo\/Contributi\u201d), e si impegna a manlevare e tenere indenne la societ\u00e0 Ev-A s.r.l. da qualsiasi rivendicazione e\/o pretesa di terzi derivante dai propri Contributi;<br data-start=\"4263\" data-end=\"4266\" \/>Le societ\u00e0 gestori del sito non sono tenute ad effettuare alcuna attivit\u00e0 di controllo sulla liceit\u00e0, veridicit\u00e0, fondatezza, accuratezza, non ingannevolezza, non offensivit\u00e0 dei Contributi degli Utenti;<br data-start=\"4469\" data-end=\"4472\" \/>L\u2019Utente che intenda accedere ai Servizi contenenti Contributi dichiara di essere consapevole che tali contenuti possono risultare offensivi e che la responsabilit\u00e0 \u00e8 di chi li ha pubblicati.<\/p>\r\n<hr data-start=\"4665\" data-end=\"4668\" \/>\r\n<p data-start=\"4670\" data-end=\"4921\"><strong data-start=\"4670\" data-end=\"4697\">\u2013 DIRITTI DI PROPRIETA\u2019<\/strong><br data-start=\"4697\" data-end=\"4700\" \/>L\u2019Utente riconosce espressamente che tutti i diritti di propriet\u00e0 intellettuale relativi ai Servizi, ai dati e agli altri materiali provenienti dal sito <strong data-start=\"4853\" data-end=\"4879\"><a class=\"decorated-link\" href=\"http:\/\/www.sitvallodidiano.it\" target=\"_new\" rel=\"noopener\" data-start=\"4855\" data-end=\"4877\">www.sitvallodidiano.it<\/a><\/strong> restano di titolarit\u00e0 esclusiva del sito.<\/p>\r\n<hr data-start=\"4923\" data-end=\"4926\" \/>\r\n<p data-start=\"4928\" data-end=\"5175\"><strong data-start=\"4928\" data-end=\"4974\">\u2013 LIMITAZIONI ED ESCLUSIONE RESPONSABILIT\u00c0<\/strong><br data-start=\"4974\" data-end=\"4977\" \/>Materiali, informazioni e opinioni contenute nel sito non rappresentano necessariamente quelle della Ev-A s.r.l. Tutti i contenuti vanno considerati come opinioni e non come affermazioni di fatto.<\/p>\r\n<p data-start=\"5177\" data-end=\"5366\">L\u2019utente rende note informazioni personali a proprio rischio. La Ev-A s.r.l. si impegna a proteggere i dati ma non pu\u00f2 garantire la sicurezza assoluta delle informazioni trasmesse online.<\/p>\r\n<p data-start=\"5368\" data-end=\"5538\">La Ev-A s.r.l. non \u00e8 obbligata a prendere parte a controversie tra utenti e declina ogni responsabilit\u00e0 relativa a contenuti eventualmente illegali, offensivi o inesatti.<\/p>\r\n<hr data-start=\"5540\" data-end=\"5543\" \/>\r\n<p data-start=\"5545\" data-end=\"5784\"><strong data-start=\"5545\" data-end=\"5611\">\u2013 RESPONSABILITA\u2019 SCARICAMENTO SOFTWARE E APPLICAZIONI ON LINE<\/strong><br data-start=\"5611\" data-end=\"5614\" \/>Qualunque software o materiale scaricabile dal sito viene fornito all\u2019Utente senza trasferimento di diritti. L\u2019utilizzo \u00e8 regolato dai termini dei rispettivi fornitori.<\/p>\r\n<p data-start=\"5786\" data-end=\"5953\">La Ev-A s.r.l. non garantisce la correttezza o affidabilit\u00e0 dei risultati derivanti dall\u2019utilizzo di tali strumenti e non \u00e8 responsabile per eventuali perdite di dati.<\/p>\r\n<hr data-start=\"5955\" data-end=\"5958\" \/>\r\n<p data-start=\"5960\" data-end=\"6185\"><strong data-start=\"5960\" data-end=\"6024\">\u2013 ESCLUSIONE DELLA RESPONSABILIT\u00c0 SUI CONTENUTI DEL SITO WEB<\/strong><br data-start=\"6024\" data-end=\"6027\" \/>La Ev-A s.r.l. non \u00e8 responsabile per danni diretti o indiretti derivanti dall\u2019utilizzo o dall\u2019impossibilit\u00e0 di utilizzare il sito <strong data-start=\"6158\" data-end=\"6184\"><a class=\"decorated-link\" href=\"http:\/\/www.sitvallodidiano.it\" target=\"_new\" rel=\"noopener\" data-start=\"6160\" data-end=\"6182\">www.sitvallodidiano.it<\/a><\/strong>.<\/p>\r\n<hr data-start=\"6187\" data-end=\"6190\" \/>\r\n<p data-start=\"6192\" data-end=\"6343\"><strong data-start=\"6192\" data-end=\"6216\">\u2013 LINKS IPERTESTUALI<\/strong><br data-start=\"6216\" data-end=\"6219\" \/>L\u2019utente si impegna a richiedere autorizzazione scritta prima di creare link verso questo sito. \u00c8 vietato il deep linking.<\/p>\r\n<p data-start=\"6345\" data-end=\"6485\">La Ev-A s.r.l. non \u00e8 responsabile per contenuti presenti su siti esterni collegati e invita l\u2019utente alla massima cautela nella navigazione.<\/p>\r\n<hr data-start=\"6487\" data-end=\"6490\" \/>\r\n<p data-start=\"6492\" data-end=\"6673\"><strong data-start=\"6492\" data-end=\"6506\">\u2013 IMMAGINI<\/strong><br data-start=\"6506\" data-end=\"6509\" \/>Le immagini contenute in queste pagine sono prelevate dalla rete e pertanto da considerarsi di pubblico dominio. I diritti appartengono ai rispettivi proprietari.<\/p>\r\n<p data-start=\"6675\" data-end=\"6854\">Il sito <strong data-start=\"6683\" data-end=\"6705\">sitvallodidiano.it<\/strong> si impegna a rimuovere le immagini o citarne il proprietario qualora venga segnalata una pubblicazione non autorizzata tramite richiesta via e-mail.<\/p>","protected":false},"excerpt":{"rendered":"<p>\u2013 GESTORE SITO WEBQuesto sito web viene gestito dalla societ\u00e0 Ev-A s.r.l, con sede legale in Corso Umberto I 93, Torre Annunziata (NA) 80058. \u2013 DEFINIZIONIIn queste Condizioni Generali i successivi termini hanno il seguente significato:\u2013 Servizi si intendono dispositivi, funzioni, applicazioni, informazioni o altre prestazioni disponibili tramite questo sito web (eventuali prestazioni ISP comprese) &#8230; <a title=\"Disclaimer\" class=\"read-more\" href=\"https:\/\/sitvallodidiano.it\/privacy-policy\/\" aria-label=\"Per saperne di pi\u00f9 su Disclaimer\">Leggi tutto<\/a><\/p>\n","protected":false},"author":1,"featured_media":0,"parent":0,"menu_order":0,"comment_status":"closed","ping_status":"open","template":"","meta":{"footnotes":""},"class_list":["post-3","page","type-page","status-publish"],"yoast_head":"<!-- This site is optimized with the Yoast SEO plugin v27.5 - https:\/\/yoast.com\/product\/yoast-seo-wordpress\/ -->\n<title>Disclaimer - Diano News<\/title>\n<meta name=\"robots\" content=\"index, follow, max-snippet:-1, max-image-preview:large, max-video-preview:-1\" \/>\n<link rel=\"canonical\" href=\"https:\/\/sitvallodidiano.it\/privacy-policy\/\" \/>\n<meta property=\"og:locale\" content=\"it_IT\" \/>\n<meta property=\"og:type\" content=\"article\" \/>\n<meta property=\"og:title\" content=\"Disclaimer - Diano News\" \/>\n<meta property=\"og:description\" content=\"\u2013 GESTORE SITO WEBQuesto sito web viene gestito dalla societ\u00e0 Ev-A s.r.l, con sede legale in Corso Umberto I 93, Torre Annunziata (NA) 80058. \u2013 DEFINIZIONIIn queste Condizioni Generali i successivi termini hanno il seguente significato:\u2013 Servizi si intendono dispositivi, funzioni, applicazioni, informazioni o altre prestazioni disponibili tramite questo sito web (eventuali prestazioni ISP comprese) ... Leggi tutto\" \/>\n<meta property=\"og:url\" content=\"https:\/\/sitvallodidiano.it\/privacy-policy\/\" \/>\n<meta property=\"og:site_name\" content=\"Diano News\" \/>\n<meta property=\"article:modified_time\" content=\"2026-05-05T15:32:53+00:00\" \/>\n<meta name=\"twitter:card\" content=\"summary_large_image\" \/>\n<meta name=\"twitter:label1\" content=\"Tempo di lettura stimato\" \/>\n\t<meta name=\"twitter:data1\" content=\"5 minuti\" \/>\n<script type=\"application\/ld+json\" class=\"yoast-schema-graph\">{\"@context\":\"https:\\\/\\\/schema.org\",\"@graph\":[{\"@type\":\"WebPage\",\"@id\":\"https:\\\/\\\/sitvallodidiano.it\\\/privacy-policy\\\/\",\"url\":\"https:\\\/\\\/sitvallodidiano.it\\\/privacy-policy\\\/\",\"name\":\"Disclaimer - Diano News\",\"isPartOf\":{\"@id\":\"https:\\\/\\\/sitvallodidiano.it\\\/#website\"},\"datePublished\":\"2026-05-04T13:40:19+00:00\",\"dateModified\":\"2026-05-05T15:32:53+00:00\",\"breadcrumb\":{\"@id\":\"https:\\\/\\\/sitvallodidiano.it\\\/privacy-policy\\\/#breadcrumb\"},\"inLanguage\":\"it-IT\",\"potentialAction\":[{\"@type\":\"ReadAction\",\"target\":[\"https:\\\/\\\/sitvallodidiano.it\\\/privacy-policy\\\/\"]}]},{\"@type\":\"BreadcrumbList\",\"@id\":\"https:\\\/\\\/sitvallodidiano.it\\\/privacy-policy\\\/#breadcrumb\",\"itemListElement\":[{\"@type\":\"ListItem\",\"position\":1,\"name\":\"Home\",\"item\":\"https:\\\/\\\/sitvallodidiano.it\\\/\"},{\"@type\":\"ListItem\",\"position\":2,\"name\":\"Disclaimer\"}]},{\"@type\":\"WebSite\",\"@id\":\"https:\\\/\\\/sitvallodidiano.it\\\/#website\",\"url\":\"https:\\\/\\\/sitvallodidiano.it\\\/\",\"name\":\"Diano News\",\"description\":\"Dalla casa ai bonus, passando per il risparmio: parliamo di vita quotidiana, ogni giorno.\",\"publisher\":{\"@id\":\"https:\\\/\\\/sitvallodidiano.it\\\/#organization\"},\"potentialAction\":[{\"@type\":\"SearchAction\",\"target\":{\"@type\":\"EntryPoint\",\"urlTemplate\":\"https:\\\/\\\/sitvallodidiano.it\\\/?s={search_term_string}\"},\"query-input\":{\"@type\":\"PropertyValueSpecification\",\"valueRequired\":true,\"valueName\":\"search_term_string\"}}],\"inLanguage\":\"it-IT\"},{\"@type\":\"NewsMediaOrganization\",\"@id\":\"https:\\\/\\\/sitvallodidiano.it\\\/#organization\",\"name\":\"Diano News\",\"url\":\"https:\\\/\\\/sitvallodidiano.it\\\/\",\"logo\":{\"@type\":\"ImageObject\",\"inLanguage\":\"it-IT\",\"@id\":\"https:\\\/\\\/sitvallodidiano.it\\\/#\\\/schema\\\/logo\\\/image\\\/\",\"url\":\"https:\\\/\\\/sitvallodidiano.it\\\/wp-content\\\/uploads\\\/2026\\\/05\\\/cropped-DIANO.webp\",\"contentUrl\":\"https:\\\/\\\/sitvallodidiano.it\\\/wp-content\\\/uploads\\\/2026\\\/05\\\/cropped-DIANO.webp\",\"width\":1022,\"height\":251,\"caption\":\"Diano News\"},\"image\":{\"@id\":\"https:\\\/\\\/sitvallodidiano.it\\\/#\\\/schema\\\/logo\\\/image\\\/\"}}]}<\/script>\n<!-- \/ Yoast SEO plugin. -->","yoast_head_json":{"title":"Disclaimer - Diano News","robots":{"index":"index","follow":"follow","max-snippet":"max-snippet:-1","max-image-preview":"max-image-preview:large","max-video-preview":"max-video-preview:-1"},"canonical":"https:\/\/sitvallodidiano.it\/privacy-policy\/","og_locale":"it_IT","og_type":"article","og_title":"Disclaimer - Diano News","og_description":"\u2013 GESTORE SITO WEBQuesto sito web viene gestito dalla societ\u00e0 Ev-A s.r.l, con sede legale in Corso Umberto I 93, Torre Annunziata (NA) 80058. \u2013 DEFINIZIONIIn queste Condizioni Generali i successivi termini hanno il seguente significato:\u2013 Servizi si intendono dispositivi, funzioni, applicazioni, informazioni o altre prestazioni disponibili tramite questo sito web (eventuali prestazioni ISP comprese) ... Leggi tutto","og_url":"https:\/\/sitvallodidiano.it\/privacy-policy\/","og_site_name":"Diano News","article_modified_time":"2026-05-05T15:32:53+00:00","twitter_card":"summary_large_image","twitter_misc":{"Tempo di lettura stimato":"5 minuti"},"schema":{"@context":"https:\/\/schema.org","@graph":[{"@type":"WebPage","@id":"https:\/\/sitvallodidiano.it\/privacy-policy\/","url":"https:\/\/sitvallodidiano.it\/privacy-policy\/","name":"Disclaimer - Diano News","isPartOf":{"@id":"https:\/\/sitvallodidiano.it\/#website"},"datePublished":"2026-05-04T13:40:19+00:00","dateModified":"2026-05-05T15:32:53+00:00","breadcrumb":{"@id":"https:\/\/sitvallodidiano.it\/privacy-policy\/#breadcrumb"},"inLanguage":"it-IT","potentialAction":[{"@type":"ReadAction","target":["https:\/\/sitvallodidiano.it\/privacy-policy\/"]}]},{"@type":"BreadcrumbList","@id":"https:\/\/sitvallodidiano.it\/privacy-policy\/#breadcrumb","itemListElement":[{"@type":"ListItem","position":1,"name":"Home","item":"https:\/\/sitvallodidiano.it\/"},{"@type":"ListItem","position":2,"name":"Disclaimer"}]},{"@type":"WebSite","@id":"https:\/\/sitvallodidiano.it\/#website","url":"https:\/\/sitvallodidiano.it\/","name":"Diano News","description":"Dalla casa ai bonus, passando per il risparmio: parliamo di vita quotidiana, ogni giorno.","publisher":{"@id":"https:\/\/sitvallodidiano.it\/#organization"},"potentialAction":[{"@type":"SearchAction","target":{"@type":"EntryPoint","urlTemplate":"https:\/\/sitvallodidiano.it\/?s={search_term_string}"},"query-input":{"@type":"PropertyValueSpecification","valueRequired":true,"valueName":"search_term_string"}}],"inLanguage":"it-IT"},{"@type":"NewsMediaOrganization","@id":"https:\/\/sitvallodidiano.it\/#organization","name":"Diano News","url":"https:\/\/sitvallodidiano.it\/","logo":{"@type":"ImageObject","inLanguage":"it-IT","@id":"https:\/\/sitvallodidiano.it\/#\/schema\/logo\/image\/","url":"https:\/\/sitvallodidiano.it\/wp-content\/uploads\/2026\/05\/cropped-DIANO.webp","contentUrl":"https:\/\/sitvallodidiano.it\/wp-content\/uploads\/2026\/05\/cropped-DIANO.webp","width":1022,"height":251,"caption":"Diano News"},"image":{"@id":"https:\/\/sitvallodidiano.it\/#\/schema\/logo\/image\/"}}]}},"_links":{"self":[{"href":"https:\/\/sitvallodidiano.it\/wp-json\/wp\/v2\/pages\/3","targetHints":{"allow":["GET"]}}],"collection":[{"href":"https:\/\/sitvallodidiano.it\/wp-json\/wp\/v2\/pages"}],"about":[{"href":"https:\/\/sitvallodidiano.it\/wp-json\/wp\/v2\/types\/page"}],"author":[{"embeddable":true,"href":"https:\/\/sitvallodidiano.it\/wp-json\/wp\/v2\/users\/1"}],"replies":[{"embeddable":true,"href":"https:\/\/sitvallodidiano.it\/wp-json\/wp\/v2\/comments?post=3"}],"version-history":[{"count":1,"href":"https:\/\/sitvallodidiano.it\/wp-json\/wp\/v2\/pages\/3\/revisions"}],"predecessor-version":[{"id":12,"href":"https:\/\/sitvallodidiano.it\/wp-json\/wp\/v2\/pages\/3\/revisions\/12"}],"wp:attachment":[{"href":"https:\/\/sitvallodidiano.it\/wp-json\/wp\/v2\/media?parent=3"}],"curies":[{"name":"wp","href":"https:\/\/api.w.org\/{rel}","templated":true}]}}